{"id":836,"date":"2026-04-10T20:11:32","date_gmt":"2026-04-11T00:11:32","guid":{"rendered":"https:\/\/www.karumadiloc.com\/?page_id=836"},"modified":"2026-04-16T20:31:51","modified_gmt":"2026-04-17T00:31:51","slug":"page-elementor","status":"publish","type":"page","link":"https:\/\/www.karumadiloc.com\/","title":{"rendered":"Accueil"},"content":{"rendered":"\t\t<div data-elementor-type=\"wp-page\" data-elementor-id=\"836\" class=\"elementor elementor-836\">\n\t\t\t\t<div class=\"elementor-element elementor-element-d802157 e-flex e-con-boxed e-con e-parent\" data-id=\"d802157\" data-element_type=\"container\" data-e-type=\"container\">\n\t\t\t\t\t<div class=\"e-con-inner\">\n\t\t\t\t\t<\/div>\n\t\t\t\t<\/div>\n\t\t<div class=\"elementor-element elementor-element-417625e e-flex e-con-boxed e-con e-parent\" data-id=\"417625e\" data-element_type=\"container\" data-e-type=\"container\">\n\t\t\t\t\t<div class=\"e-con-inner\">\n\t\t\t\t<div class=\"elementor-element elementor-element-3630adc elementor-widget elementor-widget-text-editor\" data-id=\"3630adc\" data-element_type=\"widget\" data-e-type=\"widget\" data-widget_type=\"text-editor.default\">\n\t\t\t\t\t\t\t\t\t<p><strong>D\u00e9couvrez la Guadeloupe en toute libert\u00e9 avec <\/strong><b>KARUMADILOC<\/b><strong>.<\/strong><br>Pour un s\u00e9jour plac\u00e9 sous le signe du confort, de la tranquillit\u00e9 et de la s\u00e9curit\u00e9, notre agence locale vous propose un large choix de v\u00e9hicules adapt\u00e9s&nbsp;<span style=\"font-size: 16px;\">\u00e0 tous vos besoins.<br><\/span><span style=\"font-size: 16px;\">Que vous souhaitiez explorer les plages paradisiaques, les cascades luxuriantes ou les march\u00e9s color\u00e9s de notre belle \u00eele, nous sommes l\u00e0 pour vous accompagner d\u00e8s votre arriv\u00e9e.<\/span><\/p>\n<p><strong>Accueil personnalis\u00e9 \u00e0 l\u2019a\u00e9roport ou au port<\/strong>, <br>sans files d\u2019attente, avec option de transfert : votre aventure commence d\u00e8s les premi\u00e8res minutes.<\/p>\n<p>Nos <strong>tarifs attractifs<\/strong> et notre <strong>service de qualit\u00e9<\/strong> font de KARUMADILOC le partenaire id\u00e9al pour vos d\u00e9placements en Guadeloupe.<\/p>\n<p><img decoding=\"async\" class=\"emoji\" role=\"img\" draggable=\"false\" src=\"https:\/\/s.w.org\/images\/core\/emoji\/17.0.2\/svg\/1f449.svg\" alt=\"\ud83d\udc49\"> <strong>Parcourez nos cat\u00e9gories de v\u00e9hicules<\/strong> et r\u00e9servez votre voiture en quelques clics !<\/p>\t\t\t\t\t\t\t\t<\/div>\n\t\t\t\t<div class=\"elementor-element elementor-element-e5e8581 elementor-widget elementor-widget-text-editor\" data-id=\"e5e8581\" data-element_type=\"widget\" data-e-type=\"widget\" data-widget_type=\"text-editor.default\">\n\t\t\t\t\t\t\t\t\t<p><em><b>LES VRAIS PRIX DISCOUNTS SONT ICI<\/b>.<\/em><\/p>\t\t\t\t\t\t\t\t<\/div>\n\t\t\t\t\t<\/div>\n\t\t\t\t<\/div>\n\t\t<div class=\"elementor-element elementor-element-8051f98 e-flex e-con-boxed e-con e-parent\" data-id=\"8051f98\" data-element_type=\"container\" data-e-type=\"container\">\n\t\t\t\t\t<div class=\"e-con-inner\">\n\t\t\t\t\t<\/div>\n\t\t\t\t<\/div>\n\t\t\t\t<\/div>\n\t\t","protected":false},"excerpt":{"rendered":"<p>D\u00e9couvrez la Guadeloupe en toute libert\u00e9 avec KARUMADILOC.Pour un s\u00e9jour plac\u00e9 sous le signe du confort, de la tranquillit\u00e9 et de la s\u00e9curit\u00e9, notre agence<a href=\"https:\/\/www.karumadiloc.com\/\" class=\"more-link\"><span class=\"screen-reader-text\"> \u00ab\u00a0Accueil\u00a0\u00bb<\/span><\/a><\/p>\n","protected":false},"author":1,"featured_media":0,"parent":0,"menu_order":0,"comment_status":"closed","ping_status":"closed","template":"elementor_header_footer","meta":{"_crdt_document":"{\"document\":\"AAClAZnAiugaks+lrBm0wd3OForil9sUsLX8uxCK4pfbFIeu1OsVpYrTxhSHrtTrFcril9sUBaWK08YUiuKX2xTyjb7HCAy1u+PnErC1\/LsQyuKX2xQBuf+btgnyjb7HCAGlitPGFLKNvscIpYrTxhTyjb7HCAelitPGFPKNvscIDsril9sUALC1\/LsQ8o2+xwgd9MHdzhYAsLX8uxDyjb7HCAWA0ve+BWswEkZoRkgsAQJQvgKGBS68BZQFkAWgBvAfFgRihAO0BboFCrwBjgMCjgUKCIQDnAOqAQIGBAbeIgI8ehaEAwi+BAgmDqQFCAMABrwBhgMIAgaABQgDAAYIJCi4AYwDAg6iAcIiAo4iAQIKSiSiA4YFLrwFlAWQBaAG+B9IBLYOCrwBjgPEFJQZCgiEA5wD4h+JASgAIQGoAKEBIQCBAIQAIQInAAEAJwEoAyEAJwAoAiEBJwAhACgCgQDBBiEBAQChAAEAAAAhAMQMhACoAyEAqAGEAIEAhACBAIQAgQCEAIEAhACBAIQBgQCEAYEAhACBAIQAgQCEAYEAhAGBAIQCgQCEAIEAoQCoAEcAIQAoACEAKAAnACEAJwAhyA3gDHN0YXRldmVyc2lvbnN0YXRldmVyc2lvbnN0YXRldmVyc2lvbnN0YXRldmVyc2lvbkFjY3VlaWxzdGF0ZXZlcnNpb25kb2N1bWVudGRhdGVkb2N1bWVudHN0YXR1c2RvY3VtZW50dGl0bGVkb2N1bWVudGNvbnRlbnRkb2N1bWVudGV4Y2VycHRkb2N1bWVudGF1dGhvcmRvY3VtZW50ZmVhdHVyZWRfbWVkaWFkb2N1bWVudGNvbW1lbnRfc3RhdHVzZG9jdW1lbnRwaW5nX3N0YXR1c2RvY3VtZW50dGVtcGxhdGVkb2N1bWVudG1ldGFmb290bm90ZXNfZWxlbWVudG9yX2VkaXRfbW9kZV9lbGVtZW50b3JfdGVtcGxhdGVfdHlwZV9lbGVtZW50b3JfZGF0YV9lbGVtZW50b3JfcGFnZV9zZXR0aW5nc2RvY3VtZW50YmxvY2tzc3RhdGV2ZXJzaW9uZG9jdW1lbnRzbHVnc3RhdGVzYXZlZEF0c3RhdGVzYXZlZEJ5c3RhdGV2ZXJzaW9uc3RhdGV2ZXJzaW9uc3RhdGV2ZXJzaW9ucD48PGJyPjxicj48L3A+cD48PGJyPjwvcD48cD48L3A+cD48cm9sZT0iaW1nIiAgYWx0PSLwn5GJIi9wPjxwPjw8L3A+c3RhdGV2ZXJzaW9uPHN0cm9uZz5Ew6ljb3V2cmV6IGxhIEd1YWRlbG91cGUgZW4gdG91dGUgbGliZXJ0w6kgYXZlYyA8L3N0cm9uZz48Yj5LQVJVTUFESUxPQzwvYj48c3Ryb25nPi48L3N0cm9uZz5Qb3VyIHVuIHPDqWpvdXIgcGxhY8OpIHNvdXMgbGUgc2lnbmUgZHUgY29uZm9ydCwgZGUgbGEgdHJhbnF1aWxsaXTDqSBldCBkZSBsYSBzw6ljdXJpdMOpLCBub3RyZSBhZ2VuY2UgbG9jYWxlIHZvdXMgcHJvcG9zZSB1biBsYXJnZSBjaG9peCBkZSB2w6loaWN1bGVzIGFkYXB0w6lzJm5ic3A7w6AgdG91cyB2b3MgYmVzb2lucy5RdWUgdm91cyBzb3VoYWl0aWV6IGV4cGxvcmVyIGxlcyBwbGFnZXMgcGFyYWRpc2lhcXVlcywgbGVzIGNhc2NhZGVzIGx1eHVyaWFudGVzIG91IGxlcyBtYXJjaMOpcyBjb2xvcsOpcyBkZSBub3RyZSBiZWxsZSDDrmxlLCBub3VzIHNvbW1lcyBsw6AgcG91ciB2b3VzIGFjY29tcGFnbmVyIGTDqHMgdm90cmUgYXJyaXbDqWUuCjxzdHJvbmc+QWNjdWVpbCBwZXJzb25uYWxpc8OpIMOgIGzigJlhw6lyb3BvcnQgb3UgYXUgcG9ydDwvc3Ryb25nPiwgc2FucyBmaWxlcyBk4oCZYXR0ZW50ZSwgYXZlYyBvcHRpb24gZGUgdHJhbnNmZXJ0IDogdm90cmUgYXZlbnR1cmUgY29tbWVuY2UgZMOocyBsZXMgcHJlbWnDqHJlcyBtaW51dGVzLgpOb3MgPHN0cm9uZz50YXJpZnMgYXR0cmFjdGlmczwvc3Ryb25nPiBldCBub3RyZSA8c3Ryb25nPnNlcnZpY2UgZGUgcXVhbGl0w6k8L3N0cm9uZz4gZm9udCBkZSBLQVJVTUFESUxPQyBsZSBwYXJ0ZW5haXJlIGlkw6lhbCBwb3VyIHZvcyBkw6lwbGFjZW1lbnRzIGVuIEd1YWRlbG91cGUuCjxpbWcgZHJhZ2dhYmxlPSJmYWxzZSIgc3JjPSJodHRwczovL3Mudy5vcmcvaW1hZ2VzL2NvcmUvZW1vamkvMTcuMC4yL3N2Zy8xZjQ0OS5zdmciPiA8c3Ryb25nPlBhcmNvdXJleiBub3MgY2F0w6lnb3JpZXMgZGUgdsOpaGljdWxlczwvc3Ryb25nPiBldCByw6lzZXJ2ZXogdm90cmUgdm9pdHVyZSBlbiBxdWVscXVlcyBjbGljcyAhPGVtPjxiPkxFUyBWUkFJUyBQUklYIERJU0NPVU5UUyBTT05UIElDSTwvYj4uPC9lbT5jbGllbnRJZGlzVmFsaWRvcmlnaW5hbENvbnRlbnRuYW1lYXR0cmlidXRlc2NvbnRlbnRpbm5lckJsb2Nrc3N0YXRldmVyc2lvbgUHBQcFBwVHAAUHCAQIBggFCAcIBwgGCA4IDggLSAEECRQYDxgIBgUHCAQFBwUHBQcFBwUHA0QBA0QAAwQDCwkHBAUHAaIBnwITsgJBAD6jAQGgAkEABBI8pgEBMQgHDwQKBwsFBxEBBwAAAQcABAEGAAEBAQAGAQdCAQEAQQAAJkEFB0EBDkEMB0EAAkEBAkEAIEEAB0EGC0QABwQDBAMEAxQHBEEGCwEAfQEBAAQAdxdlbGVtZW50b3JfaGVhZGVyX2Zvb3RlcgMAEwB9AX0AdwZjbG9zZWR3BmNsb3NlZHcAdwdidWlsZGVydwd3cC1wYWdlDAB3DnBhZ2UtZWxlbWVudG9ye0J516fRCkAAe0HkjUxUoAAAAQAFABMAd4QTW3siaWQiOiJkODAyMTU3IiwiZWxUeXBlIjoiY29udGFpbmVyIiwic2V0dGluZ3MiOnsiZmxleF9kaXJlY3Rpb24iOiJjb2x1bW4ifSwiZWxlbWVudHMiOltdLCJpc0lubmVyIjpmYWxzZX0seyJpZCI6IjQxNzYyNWUiLCJlbFR5cGUiOiJjb250YWluZXIiLCJzZXR0aW5ncyI6W10sImVsZW1lbnRzIjpbeyJpZCI6IjM2MzBhZGMiLCJlbFR5cGUiOiJ3aWRnZXQiLCJzZXR0aW5ncyI6eyJlZGl0b3IiOiI8cD48c3Ryb25nPkRcdTAwZTljb3V2cmV6IGxhIEd1YWRlbG91cGUgZW4gdG91dGUgbGliZXJ0XHUwMGU5IGF2ZWMgPFwvc3Ryb25nPjxiPktBUlVNQURJTE9DPFwvYj48c3Ryb25nPi48XC9zdHJvbmc+PGJyPlBvdXIgdW4gc1x1MDBlOWpvdXIgcGxhY1x1MDBlOSBzb3VzIGxlIHNpZ25lIGR1IGNvbmZvcnQsIGRlIGxhIHRyYW5xdWlsbGl0XHUwMGU5IGV0IGRlIGxhIHNcdTAwZTljdXJpdFx1MDBlOSwgbm90cmUgYWdlbmNlIGxvY2FsZSB2b3VzIHByb3Bvc2UgdW4gbGFyZ2UgY2hvaXggZGUgdlx1MDBlOWhpY3VsZXMgYWRhcHRcdTAwZTlzJm5ic3A7PHNwYW4gc3R5bGU9XCJmb250LXNpemU6IDE2cHg7XCI+XHUwMGUwIHRvdXMgdm9zIGJlc29pbnMuPGJyPjxcL3NwYW4+PHNwYW4gc3R5bGU9XCJmb250LXNpemU6IDE2cHg7XCI+UXVlIHZvdXMgc291aGFpdGlleiBleHBsb3JlciBsZXMgcGxhZ2VzIHBhcmFkaXNpYXF1ZXMsIGxlcyBjYXNjYWRlcyBsdXh1cmlhbnRlcyBvdSBsZXMgbWFyY2hcdTAwZTlzIGNvbG9yXHUwMGU5cyBkZSBub3RyZSBiZWxsZSBcdTAwZWVsZSwgbm91cyBzb21tZXMgbFx1MDBlMCBwb3VyIHZvdXMgYWNjb21wYWduZXIgZFx1MDBlOHMgdm90cmUgYXJyaXZcdTAwZTllLjxcL3NwYW4+PFwvcD5cbjxwPjxzdHJvbmc+QWNjdWVpbCBwZXJzb25uYWxpc1x1MDBlOSBcdTAwZTAgbFx1MjAxOWFcdTAwZTlyb3BvcnQgb3UgYXUgcG9ydDxcL3N0cm9uZz4sIDxicj5zYW5zIGZpbGVzIGRcdTIwMTlhdHRlbnRlLCBhdmVjIG9wdGlvbiBkZSB0cmFuc2ZlcnQgOiB2b3RyZSBhdmVudHVyZSBjb21tZW5jZSBkXHUwMGU4cyBsZXMgcHJlbWlcdTAwZThyZXMgbWludXRlcy48XC9wPlxuPHA+Tm9zIDxzdHJvbmc+dGFyaWZzIGF0dHJhY3RpZnM8XC9zdHJvbmc+IGV0IG5vdHJlIDxzdHJvbmc+c2VydmljZSBkZSBxdWFsaXRcdTAwZTk8XC9zdHJvbmc+IGZvbnQgZGUgS0FSVU1BRElMT0MgbGUgcGFydGVuYWlyZSBpZFx1MDBlOWFsIHBvdXIgdm9zIGRcdTAwZTlwbGFjZW1lbnRzIGVuIEd1YWRlbG91cGUuPFwvcD5cbjxwPjxpbWcgY2xhc3M9XCJlbW9qaVwiIHJvbGU9XCJpbWdcIiBkcmFnZ2FibGU9XCJmYWxzZVwiIHNyYz1cImh0dHBzOlwvXC9zLncub3JnXC9pbWFnZXNcL2NvcmVcL2Vtb2ppXC8xNy4wLjJcL3N2Z1wvMWY0NDkuc3ZnXCIgYWx0PVwiXHVkODNkXHVkYzQ5XCI+IDxzdHJvbmc+UGFyY291cmV6IG5vcyBjYXRcdTAwZTlnb3JpZXMgZGUgdlx1MDBlOWhpY3VsZXM8XC9zdHJvbmc+IGV0IHJcdTAwZTlzZXJ2ZXogdm90cmUgdm9pdHVyZSBlbiBxdWVscXVlcyBjbGljcyAhPFwvcD4iLCJ0eXBvZ3JhcGh5X3R5cG9ncmFwaHkiOiJjdXN0b20iLCJ0eXBvZ3JhcGh5X2ZvbnRfZmFtaWx5IjoiUm9ib3RvIiwidHlwb2dyYXBoeV9mb250X3NpemUiOnsidW5pdCI6InB4Iiwic2l6ZSI6MTYsInNpemVzIjpbXX0sInR5cG9ncmFwaHlfZm9udF93ZWlnaHQiOiI0MDAiLCJ0ZXh0X2NvbG9yIjoiIzAzMDMwMyIsIl9tYXJnaW4iOnsidW5pdCI6InB4IiwidG9wIjoiMCIsInJpZ2h0IjoiMCIsImJvdHRvbSI6IjAiLCJsZWZ0IjoiMCIsImlzTGlua2VkIjp0cnVlfSwicGFyYWdyYXBoX3NwYWNpbmciOnsidW5pdCI6InB4Iiwic2l6ZSI6MjMsInNpemVzIjpbXX19LCJlbGVtZW50cyI6W10sIndpZGdldFR5cGUiOiJ0ZXh0LWVkaXRvciJ9LHsiaWQiOiJlNWU4NTgxIiwiZWxUeXBlIjoid2lkZ2V0Iiwic2V0dGluZ3MiOnsiZWRpdG9yIjoiPHA+PGVtPjxiPkxFUyBWUkFJUyBQUklYIERJU0NPVU5UUyBTT05UIElDSTxcL2I+LjxcL2VtPjxcL3A+IiwiYWxpZ24iOiJjZW50ZXIiLCJ0eXBvZ3JhcGh5X3R5cG9ncmFwaHkiOiJjdXN0b20iLCJ0eXBvZ3JhcGh5X2ZvbnRfZmFtaWx5IjoiUm9ib3RvIiwidHlwb2dyYXBoeV9mb250X3NpemUiOnsidW5pdCI6InB4Iiwic2l6ZSI6MjQsInNpemVzIjpbXX0sInR5cG9ncmFwaHlfZm9udF93ZWlnaHQiOiI0MDAiLCJwYXJhZ3JhcGhfc3BhY2luZyI6eyJ1bml0IjoicHgiLCJzaXplIjo0LCJzaXplcyI6W119LCJ0ZXh0X2NvbG9yIjoiIzA1NEQ3RSJ9LCJlbGVtZW50cyI6W10sIndpZGdldFR5cGUiOiJ0ZXh0LWVkaXRvciJ9XSwiaXNJbm5lciI6ZmFsc2V9LHsiaWQiOiI4MDUxZjk4IiwiZWxUeXBlIjoiY29udGFpbmVyIiwic2V0dGluZ3MiOnsiZmxleF9kaXJlY3Rpb24iOiJjb2x1bW4ifSwiZWxlbWVudHMiOltdLCJpc0lubmVyIjpmYWxzZX1ddyQwNTY3MzE1ZS1hZTRhLTQ4OTYtYjJhYy0yYjgxZTFhMWFkZTF34gg8cD48c3Ryb25nPkTDqWNvdXZyZXogbGEgR3VhZGVsb3VwZSBlbiB0b3V0ZSBsaWJlcnTDqSBhdmVjIDwvc3Ryb25nPjxiPktBUlVNQURJTE9DPC9iPjxzdHJvbmc+Ljwvc3Ryb25nPjxiciAvPlBvdXIgdW4gc8Opam91ciBwbGFjw6kgc291cyBsZSBzaWduZSBkdSBjb25mb3J0LCBkZSBsYSB0cmFucXVpbGxpdMOpIGV0IGRlIGxhIHPDqWN1cml0w6ksIG5vdHJlIGFnZW5jZSBsb2NhbGUgdm91cyBwcm9wb3NlIHVuIGxhcmdlIGNob2l4IGRlIHbDqWhpY3VsZXMgYWRhcHTDqXMmbmJzcDvDoCB0b3VzIHZvcyBiZXNvaW5zLjxiciAvPlF1ZSB2b3VzIHNvdWhhaXRpZXogZXhwbG9yZXIgbGVzIHBsYWdlcyBwYXJhZGlzaWFxdWVzLCBsZXMgY2FzY2FkZXMgbHV4dXJpYW50ZXMgb3UgbGVzIG1hcmNow6lzIGNvbG9yw6lzIGRlIG5vdHJlIGJlbGxlIMOubGUsIG5vdXMgc29tbWVzIGzDoCBwb3VyIHZvdXMgYWNjb21wYWduZXIgZMOocyB2b3RyZSBhcnJpdsOpZS48L3A+CjxwPjxzdHJvbmc+QWNjdWVpbCBwZXJzb25uYWxpc8OpIMOgIGzigJlhw6lyb3BvcnQgb3UgYXUgcG9ydDwvc3Ryb25nPiwgPGJyIC8+c2FucyBmaWxlcyBk4oCZYXR0ZW50ZSwgYXZlYyBvcHRpb24gZGUgdHJhbnNmZXJ0IDogdm90cmUgYXZlbnR1cmUgY29tbWVuY2UgZMOocyBsZXMgcHJlbWnDqHJlcyBtaW51dGVzLjwvcD4KPHA+Tm9zIDxzdHJvbmc+dGFyaWZzIGF0dHJhY3RpZnM8L3N0cm9uZz4gZXQgbm90cmUgPHN0cm9uZz5zZXJ2aWNlIGRlIHF1YWxpdMOpPC9zdHJvbmc+IGZvbnQgZGUgS0FSVU1BRElMT0MgbGUgcGFydGVuYWlyZSBpZMOpYWwgcG91ciB2b3MgZMOpcGxhY2VtZW50cyBlbiBHdWFkZWxvdXBlLjwvcD4KPHA+PGltZyByb2xlPSJpbWciIGRyYWdnYWJsZT0iZmFsc2UiIHNyYz0iaHR0cHM6Ly9zLncub3JnL2ltYWdlcy9jb3JlL2Vtb2ppLzE3LjAuMi9zdmcvMWY0NDkuc3ZnIiBhbHQ9IvCfkYkiPiA8c3Ryb25nPlBhcmNvdXJleiBub3MgY2F0w6lnb3JpZXMgZGUgdsOpaGljdWxlczwvc3Ryb25nPiBldCByw6lzZXJ2ZXogdm90cmUgdm9pdHVyZSBlbiBxdWVscXVlcyBjbGljcyAhPC9wPgo8cD48ZW0+PGI+TEVTIFZSQUlTIFBSSVggRElTQ09VTlRTIFNPTlQgSUNJPC9iPi48L2VtPjwvcD534gg8cD48c3Ryb25nPkTDqWNvdXZyZXogbGEgR3VhZGVsb3VwZSBlbiB0b3V0ZSBsaWJlcnTDqSBhdmVjIDwvc3Ryb25nPjxiPktBUlVNQURJTE9DPC9iPjxzdHJvbmc+Ljwvc3Ryb25nPjxiciAvPlBvdXIgdW4gc8Opam91ciBwbGFjw6kgc291cyBsZSBzaWduZSBkdSBjb25mb3J0LCBkZSBsYSB0cmFucXVpbGxpdMOpIGV0IGRlIGxhIHPDqWN1cml0w6ksIG5vdHJlIGFnZW5jZSBsb2NhbGUgdm91cyBwcm9wb3NlIHVuIGxhcmdlIGNob2l4IGRlIHbDqWhpY3VsZXMgYWRhcHTDqXMmbmJzcDvDoCB0b3VzIHZvcyBiZXNvaW5zLjxiciAvPlF1ZSB2b3VzIHNvdWhhaXRpZXogZXhwbG9yZXIgbGVzIHBsYWdlcyBwYXJhZGlzaWFxdWVzLCBsZXMgY2FzY2FkZXMgbHV4dXJpYW50ZXMgb3UgbGVzIG1hcmNow6lzIGNvbG9yw6lzIGRlIG5vdHJlIGJlbGxlIMOubGUsIG5vdXMgc29tbWVzIGzDoCBwb3VyIHZvdXMgYWNjb21wYWduZXIgZMOocyB2b3RyZSBhcnJpdsOpZS48L3A+CjxwPjxzdHJvbmc+QWNjdWVpbCBwZXJzb25uYWxpc8OpIMOgIGzigJlhw6lyb3BvcnQgb3UgYXUgcG9ydDwvc3Ryb25nPiwgPGJyIC8+c2FucyBmaWxlcyBk4oCZYXR0ZW50ZSwgYXZlYyBvcHRpb24gZGUgdHJhbnNmZXJ0IDogdm90cmUgYXZlbnR1cmUgY29tbWVuY2UgZMOocyBsZXMgcHJlbWnDqHJlcyBtaW51dGVzLjwvcD4KPHA+Tm9zIDxzdHJvbmc+dGFyaWZzIGF0dHJhY3RpZnM8L3N0cm9uZz4gZXQgbm90cmUgPHN0cm9uZz5zZXJ2aWNlIGRlIHF1YWxpdMOpPC9zdHJvbmc+IGZvbnQgZGUgS0FSVU1BRElMT0MgbGUgcGFydGVuYWlyZSBpZMOpYWwgcG91ciB2b3MgZMOpcGxhY2VtZW50cyBlbiBHdWFkZWxvdXBlLjwvcD4KPHA+PGltZyByb2xlPSJpbWciIGRyYWdnYWJsZT0iZmFsc2UiIHNyYz0iaHR0cHM6Ly9zLncub3JnL2ltYWdlcy9jb3JlL2Vtb2ppLzE3LjAuMi9zdmcvMWY0NDkuc3ZnIiBhbHQ9IvCfkYkiPiA8c3Ryb25nPlBhcmNvdXJleiBub3MgY2F0w6lnb3JpZXMgZGUgdsOpaGljdWxlczwvc3Ryb25nPiBldCByw6lzZXJ2ZXogdm90cmUgdm9pdHVyZSBlbiBxdWVscXVlcyBjbGljcyAhPC9wPgo8cD48ZW0+PGI+TEVTIFZSQUlTIFBSSVggRElTQ09VTlRTIFNPTlQgSUNJPC9iPi48L2VtPjwvcD4tAHcTMjAyNi0wNC0xMFQyMDoxMTozMncHcHVibGlzaHYCCmhpZGVfdGl0bGV3A3llcxViYWNrZ3JvdW5kX2JhY2tncm91bmR3B2NsYXNzaWN4dw1jb3JlL2ZyZWVmb3JtAQAK0ueS1gwBAAD04K6nCwIAAAEBh5fq9QoBAAeK8cutCgQAAgENBgAEAaXFqaMKAgAAAw\/13fGzCQEAAPCa\/p0IAQAp+f+N2wQBAADyht+jBBEAAAMKYgOfAQMTBrIBAwICoQEDAQKgAQMCAhYTowEGMQQCAAEAAgCA6bvfAgEAAA==\",\"updateId\":338642557}","footnotes":""},"class_list":["post-836","page","type-page","status-publish","hentry"],"jetpack_sharing_enabled":true,"_links":{"self":[{"href":"https:\/\/www.karumadiloc.com\/index.php\/wp-json\/wp\/v2\/pages\/836","targetHints":{"allow":["GET"]}}],"collection":[{"href":"https:\/\/www.karumadiloc.com\/index.php\/wp-json\/wp\/v2\/pages"}],"about":[{"href":"https:\/\/www.karumadiloc.com\/index.php\/wp-json\/wp\/v2\/types\/page"}],"author":[{"embeddable":true,"href":"https:\/\/www.karumadiloc.com\/index.php\/wp-json\/wp\/v2\/users\/1"}],"replies":[{"embeddable":true,"href":"https:\/\/www.karumadiloc.com\/index.php\/wp-json\/wp\/v2\/comments?post=836"}],"version-history":[{"count":29,"href":"https:\/\/www.karumadiloc.com\/index.php\/wp-json\/wp\/v2\/pages\/836\/revisions"}],"predecessor-version":[{"id":876,"href":"https:\/\/www.karumadiloc.com\/index.php\/wp-json\/wp\/v2\/pages\/836\/revisions\/876"}],"wp:attachment":[{"href":"https:\/\/www.karumadiloc.com\/index.php\/wp-json\/wp\/v2\/media?parent=836"}],"curies":[{"name":"wp","href":"https:\/\/api.w.org\/{rel}","templated":true}]}}